{"id":9752,"date":"2025-11-07T12:00:40","date_gmt":"2025-11-07T11:00:40","guid":{"rendered":"https:\/\/www.bdebarcelona.cat\/?post_type=product&#038;p=9752"},"modified":"2025-12-29T13:05:09","modified_gmt":"2025-12-29T12:05:09","slug":"vintage-barcelona-mug","status":"publish","type":"product","link":"https:\/\/www.bdebarcelona.cat\/en\/prod\/vintage-barcelona-mug\/","title":{"rendered":"Vintage Barcelona mug"},"content":{"rendered":"<h2>Vintage mug<\/h2>\n<p><strong>2 designs available<\/strong><\/p>\n<p><strong>MATERIAL:<\/strong> Enamel-coated metal (tinplate)<\/p>\n<p><strong>SIZE:<\/strong> 9 \u00d7 13 \u00d7 8 cm (width \u00d7 length \u00d7 height)<\/p>\n<p><strong>WEIGHT:<\/strong> Approx. 130 g<\/p>\n<p><strong>Dishwasher-safe<\/strong><\/p>\n<p><strong>Not suitable for microwave use<\/strong><\/p>\n","protected":false},"excerpt":{"rendered":"<p><strong>Vintage-style mug with an enamel-coated metal body<\/strong> \u2014just like the ones from back in the day\u2014 for the nostalgic at heart. <strong>Lightweight, sturdy<\/strong>, and full of character, perfect for coffee breaks with a view\u2026 even if it\u2019s just from your kitchen.<\/p>\n<p><strong>Two designs to choose from:<\/strong><br \/>\n\u2013 Vintage BARCELONA Mug (Option A), with playful, colorful lettering.<br \/>\n\u2013 Vintage Mug with an illustration of the Sagrada Fam\u00edlia (Option B).<\/p>\n<p>A beautiful and practical keepsake from Barcelona that lasts.<br \/>\n<strong>Note: Not microwave-safe, but dishwasher-safe.<\/strong><\/p>\n","protected":false},"featured_media":9748,"template":"","meta":[],"product_brand":[],"product_cat":[256],"product_tag":[],"class_list":{"0":"post-9752","1":"product","2":"type-product","3":"status-publish","4":"has-post-thumbnail","6":"product_cat-mugs","8":"first","9":"instock","10":"shipping-taxable","11":"purchasable","12":"product-type-variable"},"yoast_head":"<!-- This site is optimized with the Yoast SEO plugin v26.3 - https:\/\/yoast.com\/wordpress\/plugins\/seo\/ -->\n<title>Vintage Barcelona mug - B de Barcelona<\/title>\n<meta name=\"description\" content=\"Vintage metal mug with a Barcelona design.Choose between modern lettering or an illustration of the Sagrada Fam\u00edlia. Perfect as a gift.\" \/>\n<meta name=\"robots\" content=\"index, follow, max-snippet:-1, max-image-preview:large, max-video-preview:-1\" \/>\n<link rel=\"canonical\" href=\"https:\/\/www.bdebarcelona.cat\/en\/prod\/vintage-barcelona-mug\/\" \/>\n<meta property=\"og:locale\" content=\"en_US\" \/>\n<meta property=\"og:type\" content=\"article\" \/>\n<meta property=\"og:title\" content=\"Vintage Barcelona mug - B de Barcelona\" \/>\n<meta property=\"og:description\" content=\"Vintage metal mug with a Barcelona design.Choose between modern lettering or an illustration of the Sagrada Fam\u00edlia. Perfect as a gift.\" \/>\n<meta property=\"og:url\" content=\"https:\/\/www.bdebarcelona.cat\/en\/prod\/vintage-barcelona-mug\/\" \/>\n<meta property=\"og:site_name\" content=\"B de Barcelona\" \/>\n<meta property=\"article:publisher\" content=\"https:\/\/www.facebook.com\/bdebarcelonastuff\" \/>\n<meta property=\"article:modified_time\" content=\"2025-12-29T12:05:09+00:00\" \/>\n<meta property=\"og:image\" content=\"https:\/\/www.bdebarcelona.cat\/wp-content\/uploads\/2025\/11\/taza-vintage_opcion-A.png\" \/>\n\t<meta property=\"og:image:width\" content=\"574\" \/>\n\t<meta property=\"og:image:height\" content=\"574\" \/>\n\t<meta property=\"og:image:type\" content=\"image\/png\" \/>\n<meta name=\"twitter:card\" content=\"summary_large_image\" \/>\n<meta name=\"twitter:label1\" content=\"Est. reading time\" \/>\n\t<meta name=\"twitter:data1\" content=\"1 minute\" \/>\n<script type=\"application\/ld+json\" class=\"yoast-schema-graph\">{\"@context\":\"https:\/\/schema.org\",\"@graph\":[{\"@type\":\"WebPage\",\"@id\":\"https:\/\/www.bdebarcelona.cat\/en\/prod\/vintage-barcelona-mug\/\",\"url\":\"https:\/\/www.bdebarcelona.cat\/en\/prod\/vintage-barcelona-mug\/\",\"name\":\"Vintage Barcelona mug - B de Barcelona\",\"isPartOf\":{\"@id\":\"https:\/\/www.bdebarcelona.cat\/#website\"},\"primaryImageOfPage\":{\"@id\":\"https:\/\/www.bdebarcelona.cat\/en\/prod\/vintage-barcelona-mug\/#primaryimage\"},\"image\":{\"@id\":\"https:\/\/www.bdebarcelona.cat\/en\/prod\/vintage-barcelona-mug\/#primaryimage\"},\"thumbnailUrl\":\"https:\/\/www.bdebarcelona.cat\/wp-content\/uploads\/2025\/11\/taza-vintage_opcion-A.png\",\"datePublished\":\"2025-11-07T11:00:40+00:00\",\"dateModified\":\"2025-12-29T12:05:09+00:00\",\"description\":\"Vintage metal mug with a Barcelona design.Choose between modern lettering or an illustration of the Sagrada Fam\u00edlia. Perfect as a gift.\",\"breadcrumb\":{\"@id\":\"https:\/\/www.bdebarcelona.cat\/en\/prod\/vintage-barcelona-mug\/#breadcrumb\"},\"inLanguage\":\"en-US\",\"potentialAction\":[{\"@type\":\"ReadAction\",\"target\":[\"https:\/\/www.bdebarcelona.cat\/en\/prod\/vintage-barcelona-mug\/\"]}]},{\"@type\":\"ImageObject\",\"inLanguage\":\"en-US\",\"@id\":\"https:\/\/www.bdebarcelona.cat\/en\/prod\/vintage-barcelona-mug\/#primaryimage\",\"url\":\"https:\/\/www.bdebarcelona.cat\/wp-content\/uploads\/2025\/11\/taza-vintage_opcion-A.png\",\"contentUrl\":\"https:\/\/www.bdebarcelona.cat\/wp-content\/uploads\/2025\/11\/taza-vintage_opcion-A.png\",\"width\":574,\"height\":574,\"caption\":\"taza vintage Barcelona\"},{\"@type\":\"BreadcrumbList\",\"@id\":\"https:\/\/www.bdebarcelona.cat\/en\/prod\/vintage-barcelona-mug\/#breadcrumb\",\"itemListElement\":[{\"@type\":\"ListItem\",\"position\":1,\"name\":\"Portada\",\"item\":\"https:\/\/www.bdebarcelona.cat\/\"},{\"@type\":\"ListItem\",\"position\":2,\"name\":\"SHOP\",\"item\":\"https:\/\/www.bdebarcelona.cat\/en\/shop\/\"},{\"@type\":\"ListItem\",\"position\":3,\"name\":\"Vintage Barcelona mug\"}]},{\"@type\":\"WebSite\",\"@id\":\"https:\/\/www.bdebarcelona.cat\/#website\",\"url\":\"https:\/\/www.bdebarcelona.cat\/\",\"name\":\"https:\/\/www.bdebarcelona.cat\/\",\"description\":\"Un peque&ntilde;o comercio en el que puedes encontrar una elegante alternativa al t&iacute;pico souvenir de Barcelona y objetos de dise&ntilde;o, todos ellos made in Barcelona.\",\"publisher\":{\"@id\":\"https:\/\/www.bdebarcelona.cat\/#organization\"},\"potentialAction\":[{\"@type\":\"SearchAction\",\"target\":{\"@type\":\"EntryPoint\",\"urlTemplate\":\"https:\/\/www.bdebarcelona.cat\/?s={search_term_string}\"},\"query-input\":{\"@type\":\"PropertyValueSpecification\",\"valueRequired\":true,\"valueName\":\"search_term_string\"}}],\"inLanguage\":\"en-US\"},{\"@type\":\"Organization\",\"@id\":\"https:\/\/www.bdebarcelona.cat\/#organization\",\"name\":\"https:\/\/www.bdebarcelona.cat\/\",\"url\":\"https:\/\/www.bdebarcelona.cat\/\",\"logo\":{\"@type\":\"ImageObject\",\"inLanguage\":\"en-US\",\"@id\":\"https:\/\/www.bdebarcelona.cat\/#\/schema\/logo\/image\/\",\"url\":\"https:\/\/www.bdebarcelona.cat\/wp-content\/uploads\/2020\/10\/cropped-Logo_BB_Sostenible.png\",\"contentUrl\":\"https:\/\/www.bdebarcelona.cat\/wp-content\/uploads\/2020\/10\/cropped-Logo_BB_Sostenible.png\",\"width\":512,\"height\":512,\"caption\":\"https:\/\/www.bdebarcelona.cat\/\"},\"image\":{\"@id\":\"https:\/\/www.bdebarcelona.cat\/#\/schema\/logo\/image\/\"},\"sameAs\":[\"https:\/\/www.facebook.com\/bdebarcelonastuff\",\"https:\/\/www.instagram.com\/bdebarcelonastuff\/\"]}]}<\/script>\n<!-- \/ Yoast SEO plugin. -->","yoast_head_json":{"title":"Vintage Barcelona mug - B de Barcelona","description":"Vintage metal mug with a Barcelona design.Choose between modern lettering or an illustration of the Sagrada Fam\u00edlia. Perfect as a gift.","robots":{"index":"index","follow":"follow","max-snippet":"max-snippet:-1","max-image-preview":"max-image-preview:large","max-video-preview":"max-video-preview:-1"},"canonical":"https:\/\/www.bdebarcelona.cat\/en\/prod\/vintage-barcelona-mug\/","og_locale":"en_US","og_type":"article","og_title":"Vintage Barcelona mug - B de Barcelona","og_description":"Vintage metal mug with a Barcelona design.Choose between modern lettering or an illustration of the Sagrada Fam\u00edlia. Perfect as a gift.","og_url":"https:\/\/www.bdebarcelona.cat\/en\/prod\/vintage-barcelona-mug\/","og_site_name":"B de Barcelona","article_publisher":"https:\/\/www.facebook.com\/bdebarcelonastuff","article_modified_time":"2025-12-29T12:05:09+00:00","og_image":[{"width":574,"height":574,"url":"https:\/\/www.bdebarcelona.cat\/wp-content\/uploads\/2025\/11\/taza-vintage_opcion-A.png","type":"image\/png"}],"twitter_card":"summary_large_image","twitter_misc":{"Est. reading time":"1 minute"},"schema":{"@context":"https:\/\/schema.org","@graph":[{"@type":"WebPage","@id":"https:\/\/www.bdebarcelona.cat\/en\/prod\/vintage-barcelona-mug\/","url":"https:\/\/www.bdebarcelona.cat\/en\/prod\/vintage-barcelona-mug\/","name":"Vintage Barcelona mug - B de Barcelona","isPartOf":{"@id":"https:\/\/www.bdebarcelona.cat\/#website"},"primaryImageOfPage":{"@id":"https:\/\/www.bdebarcelona.cat\/en\/prod\/vintage-barcelona-mug\/#primaryimage"},"image":{"@id":"https:\/\/www.bdebarcelona.cat\/en\/prod\/vintage-barcelona-mug\/#primaryimage"},"thumbnailUrl":"https:\/\/www.bdebarcelona.cat\/wp-content\/uploads\/2025\/11\/taza-vintage_opcion-A.png","datePublished":"2025-11-07T11:00:40+00:00","dateModified":"2025-12-29T12:05:09+00:00","description":"Vintage metal mug with a Barcelona design.Choose between modern lettering or an illustration of the Sagrada Fam\u00edlia. Perfect as a gift.","breadcrumb":{"@id":"https:\/\/www.bdebarcelona.cat\/en\/prod\/vintage-barcelona-mug\/#breadcrumb"},"inLanguage":"en-US","potentialAction":[{"@type":"ReadAction","target":["https:\/\/www.bdebarcelona.cat\/en\/prod\/vintage-barcelona-mug\/"]}]},{"@type":"ImageObject","inLanguage":"en-US","@id":"https:\/\/www.bdebarcelona.cat\/en\/prod\/vintage-barcelona-mug\/#primaryimage","url":"https:\/\/www.bdebarcelona.cat\/wp-content\/uploads\/2025\/11\/taza-vintage_opcion-A.png","contentUrl":"https:\/\/www.bdebarcelona.cat\/wp-content\/uploads\/2025\/11\/taza-vintage_opcion-A.png","width":574,"height":574,"caption":"taza vintage Barcelona"},{"@type":"BreadcrumbList","@id":"https:\/\/www.bdebarcelona.cat\/en\/prod\/vintage-barcelona-mug\/#breadcrumb","itemListElement":[{"@type":"ListItem","position":1,"name":"Portada","item":"https:\/\/www.bdebarcelona.cat\/"},{"@type":"ListItem","position":2,"name":"SHOP","item":"https:\/\/www.bdebarcelona.cat\/en\/shop\/"},{"@type":"ListItem","position":3,"name":"Vintage Barcelona mug"}]},{"@type":"WebSite","@id":"https:\/\/www.bdebarcelona.cat\/#website","url":"https:\/\/www.bdebarcelona.cat\/","name":"https:\/\/www.bdebarcelona.cat\/","description":"Un peque&ntilde;o comercio en el que puedes encontrar una elegante alternativa al t&iacute;pico souvenir de Barcelona y objetos de dise&ntilde;o, todos ellos made in Barcelona.","publisher":{"@id":"https:\/\/www.bdebarcelona.cat\/#organization"},"potentialAction":[{"@type":"SearchAction","target":{"@type":"EntryPoint","urlTemplate":"https:\/\/www.bdebarcelona.cat\/?s={search_term_string}"},"query-input":{"@type":"PropertyValueSpecification","valueRequired":true,"valueName":"search_term_string"}}],"inLanguage":"en-US"},{"@type":"Organization","@id":"https:\/\/www.bdebarcelona.cat\/#organization","name":"https:\/\/www.bdebarcelona.cat\/","url":"https:\/\/www.bdebarcelona.cat\/","logo":{"@type":"ImageObject","inLanguage":"en-US","@id":"https:\/\/www.bdebarcelona.cat\/#\/schema\/logo\/image\/","url":"https:\/\/www.bdebarcelona.cat\/wp-content\/uploads\/2020\/10\/cropped-Logo_BB_Sostenible.png","contentUrl":"https:\/\/www.bdebarcelona.cat\/wp-content\/uploads\/2020\/10\/cropped-Logo_BB_Sostenible.png","width":512,"height":512,"caption":"https:\/\/www.bdebarcelona.cat\/"},"image":{"@id":"https:\/\/www.bdebarcelona.cat\/#\/schema\/logo\/image\/"},"sameAs":["https:\/\/www.facebook.com\/bdebarcelonastuff","https:\/\/www.instagram.com\/bdebarcelonastuff\/"]}]}},"_links":{"self":[{"href":"https:\/\/www.bdebarcelona.cat\/en\/wp-json\/wp\/v2\/product\/9752","targetHints":{"allow":["GET"]}}],"collection":[{"href":"https:\/\/www.bdebarcelona.cat\/en\/wp-json\/wp\/v2\/product"}],"about":[{"href":"https:\/\/www.bdebarcelona.cat\/en\/wp-json\/wp\/v2\/types\/product"}],"wp:featuredmedia":[{"embeddable":true,"href":"https:\/\/www.bdebarcelona.cat\/en\/wp-json\/wp\/v2\/media\/9748"}],"wp:attachment":[{"href":"https:\/\/www.bdebarcelona.cat\/en\/wp-json\/wp\/v2\/media?parent=9752"}],"wp:term":[{"taxonomy":"product_brand","embeddable":true,"href":"https:\/\/www.bdebarcelona.cat\/en\/wp-json\/wp\/v2\/product_brand?post=9752"},{"taxonomy":"product_cat","embeddable":true,"href":"https:\/\/www.bdebarcelona.cat\/en\/wp-json\/wp\/v2\/product_cat?post=9752"},{"taxonomy":"product_tag","embeddable":true,"href":"https:\/\/www.bdebarcelona.cat\/en\/wp-json\/wp\/v2\/product_tag?post=9752"}],"curies":[{"name":"wp","href":"https:\/\/api.w.org\/{rel}","templated":true}]}}