{"id":3179,"date":"2019-08-28T00:04:08","date_gmt":"2019-08-27T22:04:08","guid":{"rendered":"https:\/\/www.bdebarcelona.cat\/?post_type=product&#038;p=3179"},"modified":"2026-03-27T09:22:48","modified_gmt":"2026-03-27T08:22:48","slug":"tote-bag-panot-de-barcelona-by-david-torrents","status":"publish","type":"product","link":"https:\/\/www.bdebarcelona.cat\/en\/prod\/tote-bag-panot-de-barcelona-by-david-torrents\/","title":{"rendered":"Tote Bag Panot de Barcelona by David Torrents"},"content":{"rendered":"<h2 class=\"p1\"><span class=\"s1\">Tote Bag Panot de Barcelona by David Torrents<\/span><\/h2>\n<h2 class=\"p2\"><span class=\"s1\">Cotton tote bag<\/span><\/h2>\n<p class=\"p3\"><span class=\"s1\">Special edition by the Barcelona\u2019s designer David Torrents.<\/span><\/p>\n<p class=\"p4\"><span class=\"s2\">Based on the iconic element \u201cpanot\u201d, Torrents break down the shape and reinterpretate new points of view of it. <\/span><\/p>\n<p class=\"p5\"><span class=\"s1\">70% Cotton 30% poliestere \/ Made in Barcelona<\/span><\/p>\n<h4 style=\"text-align: center;\"><\/h4>\n","protected":false},"excerpt":{"rendered":"<p><span class=\"s1\">70% Cotton and 30% poliester Tote Bag, made in Barcelona, <\/span>by David Torrents<\/p>\n","protected":false},"featured_media":3183,"template":"","meta":[],"product_brand":[],"product_cat":[495,242],"product_tag":[],"class_list":{"0":"post-3179","1":"product","2":"type-product","3":"status-publish","4":"has-post-thumbnail","6":"product_cat-flower-barcelona","7":"product_cat-bags-and-backpacks","9":"first","10":"instock","11":"shipping-taxable","12":"purchasable","13":"product-type-variable"},"yoast_head":"<!-- This site is optimized with the Yoast SEO plugin v26.3 - https:\/\/yoast.com\/wordpress\/plugins\/seo\/ -->\n<title>Tote Bag Panot de Barcelona by David Torrents - B de Barcelona<\/title>\n<meta name=\"description\" content=\"Tote Bag Panot de Barcelona by David Torrents Bolsa algod\u00f3n en color cru Colecci\u00f3n especial del dise\u00f1ador barcelon\u00e9s David Torrents.\" \/>\n<meta name=\"robots\" content=\"index, follow, max-snippet:-1, max-image-preview:large, max-video-preview:-1\" \/>\n<link rel=\"canonical\" href=\"https:\/\/www.bdebarcelona.cat\/en\/prod\/tote-bag-panot-de-barcelona-by-david-torrents\/\" \/>\n<meta property=\"og:locale\" content=\"en_US\" \/>\n<meta property=\"og:type\" content=\"article\" \/>\n<meta property=\"og:title\" content=\"Tote Bag Panot de Barcelona by David Torrents - B de Barcelona\" \/>\n<meta property=\"og:description\" content=\"Tote Bag Panot de Barcelona by David Torrents Bolsa algod\u00f3n en color cru Colecci\u00f3n especial del dise\u00f1ador barcelon\u00e9s David Torrents.\" \/>\n<meta property=\"og:url\" content=\"https:\/\/www.bdebarcelona.cat\/en\/prod\/tote-bag-panot-de-barcelona-by-david-torrents\/\" \/>\n<meta property=\"og:site_name\" content=\"B de Barcelona\" \/>\n<meta property=\"article:publisher\" content=\"https:\/\/www.facebook.com\/bdebarcelonastuff\" \/>\n<meta property=\"article:modified_time\" content=\"2026-03-27T08:22:48+00:00\" \/>\n<meta property=\"og:image\" content=\"https:\/\/www.bdebarcelona.cat\/wp-content\/uploads\/2019\/08\/ToteBag_RB.jpg\" \/>\n\t<meta property=\"og:image:width\" content=\"574\" \/>\n\t<meta property=\"og:image:height\" content=\"574\" \/>\n\t<meta property=\"og:image:type\" content=\"image\/jpeg\" \/>\n<meta name=\"twitter:card\" content=\"summary_large_image\" \/>\n<meta name=\"twitter:label1\" content=\"Est. reading time\" \/>\n\t<meta name=\"twitter:data1\" content=\"1 minute\" \/>\n<script type=\"application\/ld+json\" class=\"yoast-schema-graph\">{\"@context\":\"https:\/\/schema.org\",\"@graph\":[{\"@type\":\"WebPage\",\"@id\":\"https:\/\/www.bdebarcelona.cat\/en\/prod\/tote-bag-panot-de-barcelona-by-david-torrents\/\",\"url\":\"https:\/\/www.bdebarcelona.cat\/en\/prod\/tote-bag-panot-de-barcelona-by-david-torrents\/\",\"name\":\"Tote Bag Panot de Barcelona by David Torrents - B de Barcelona\",\"isPartOf\":{\"@id\":\"https:\/\/www.bdebarcelona.cat\/#website\"},\"primaryImageOfPage\":{\"@id\":\"https:\/\/www.bdebarcelona.cat\/en\/prod\/tote-bag-panot-de-barcelona-by-david-torrents\/#primaryimage\"},\"image\":{\"@id\":\"https:\/\/www.bdebarcelona.cat\/en\/prod\/tote-bag-panot-de-barcelona-by-david-torrents\/#primaryimage\"},\"thumbnailUrl\":\"https:\/\/www.bdebarcelona.cat\/wp-content\/uploads\/2019\/08\/ToteBag_RB.jpg\",\"datePublished\":\"2019-08-27T22:04:08+00:00\",\"dateModified\":\"2026-03-27T08:22:48+00:00\",\"description\":\"Tote Bag Panot de Barcelona by David Torrents Bolsa algod\u00f3n en color cru Colecci\u00f3n especial del dise\u00f1ador barcelon\u00e9s David Torrents.\",\"breadcrumb\":{\"@id\":\"https:\/\/www.bdebarcelona.cat\/en\/prod\/tote-bag-panot-de-barcelona-by-david-torrents\/#breadcrumb\"},\"inLanguage\":\"en-US\",\"potentialAction\":[{\"@type\":\"ReadAction\",\"target\":[\"https:\/\/www.bdebarcelona.cat\/en\/prod\/tote-bag-panot-de-barcelona-by-david-torrents\/\"]}]},{\"@type\":\"ImageObject\",\"inLanguage\":\"en-US\",\"@id\":\"https:\/\/www.bdebarcelona.cat\/en\/prod\/tote-bag-panot-de-barcelona-by-david-torrents\/#primaryimage\",\"url\":\"https:\/\/www.bdebarcelona.cat\/wp-content\/uploads\/2019\/08\/ToteBag_RB.jpg\",\"contentUrl\":\"https:\/\/www.bdebarcelona.cat\/wp-content\/uploads\/2019\/08\/ToteBag_RB.jpg\",\"width\":574,\"height\":574,\"caption\":\"Tote Bag Panot de Barcelona by David Torrents\"},{\"@type\":\"BreadcrumbList\",\"@id\":\"https:\/\/www.bdebarcelona.cat\/en\/prod\/tote-bag-panot-de-barcelona-by-david-torrents\/#breadcrumb\",\"itemListElement\":[{\"@type\":\"ListItem\",\"position\":1,\"name\":\"Portada\",\"item\":\"https:\/\/www.bdebarcelona.cat\/\"},{\"@type\":\"ListItem\",\"position\":2,\"name\":\"SHOP\",\"item\":\"https:\/\/www.bdebarcelona.cat\/en\/shop\/\"},{\"@type\":\"ListItem\",\"position\":3,\"name\":\"Tote Bag Panot de Barcelona by David Torrents\"}]},{\"@type\":\"WebSite\",\"@id\":\"https:\/\/www.bdebarcelona.cat\/#website\",\"url\":\"https:\/\/www.bdebarcelona.cat\/\",\"name\":\"https:\/\/www.bdebarcelona.cat\/\",\"description\":\"Un peque&ntilde;o comercio en el que puedes encontrar una elegante alternativa al t&iacute;pico souvenir de Barcelona y objetos de dise&ntilde;o, todos ellos made in Barcelona.\",\"publisher\":{\"@id\":\"https:\/\/www.bdebarcelona.cat\/#organization\"},\"potentialAction\":[{\"@type\":\"SearchAction\",\"target\":{\"@type\":\"EntryPoint\",\"urlTemplate\":\"https:\/\/www.bdebarcelona.cat\/?s={search_term_string}\"},\"query-input\":{\"@type\":\"PropertyValueSpecification\",\"valueRequired\":true,\"valueName\":\"search_term_string\"}}],\"inLanguage\":\"en-US\"},{\"@type\":\"Organization\",\"@id\":\"https:\/\/www.bdebarcelona.cat\/#organization\",\"name\":\"https:\/\/www.bdebarcelona.cat\/\",\"url\":\"https:\/\/www.bdebarcelona.cat\/\",\"logo\":{\"@type\":\"ImageObject\",\"inLanguage\":\"en-US\",\"@id\":\"https:\/\/www.bdebarcelona.cat\/#\/schema\/logo\/image\/\",\"url\":\"https:\/\/www.bdebarcelona.cat\/wp-content\/uploads\/2020\/10\/cropped-Logo_BB_Sostenible.png\",\"contentUrl\":\"https:\/\/www.bdebarcelona.cat\/wp-content\/uploads\/2020\/10\/cropped-Logo_BB_Sostenible.png\",\"width\":512,\"height\":512,\"caption\":\"https:\/\/www.bdebarcelona.cat\/\"},\"image\":{\"@id\":\"https:\/\/www.bdebarcelona.cat\/#\/schema\/logo\/image\/\"},\"sameAs\":[\"https:\/\/www.facebook.com\/bdebarcelonastuff\",\"https:\/\/www.instagram.com\/bdebarcelonastuff\/\"]}]}<\/script>\n<!-- \/ Yoast SEO plugin. -->","yoast_head_json":{"title":"Tote Bag Panot de Barcelona by David Torrents - B de Barcelona","description":"Tote Bag Panot de Barcelona by David Torrents Bolsa algod\u00f3n en color cru Colecci\u00f3n especial del dise\u00f1ador barcelon\u00e9s David Torrents.","robots":{"index":"index","follow":"follow","max-snippet":"max-snippet:-1","max-image-preview":"max-image-preview:large","max-video-preview":"max-video-preview:-1"},"canonical":"https:\/\/www.bdebarcelona.cat\/en\/prod\/tote-bag-panot-de-barcelona-by-david-torrents\/","og_locale":"en_US","og_type":"article","og_title":"Tote Bag Panot de Barcelona by David Torrents - B de Barcelona","og_description":"Tote Bag Panot de Barcelona by David Torrents Bolsa algod\u00f3n en color cru Colecci\u00f3n especial del dise\u00f1ador barcelon\u00e9s David Torrents.","og_url":"https:\/\/www.bdebarcelona.cat\/en\/prod\/tote-bag-panot-de-barcelona-by-david-torrents\/","og_site_name":"B de Barcelona","article_publisher":"https:\/\/www.facebook.com\/bdebarcelonastuff","article_modified_time":"2026-03-27T08:22:48+00:00","og_image":[{"width":574,"height":574,"url":"https:\/\/www.bdebarcelona.cat\/wp-content\/uploads\/2019\/08\/ToteBag_RB.jpg","type":"image\/jpeg"}],"twitter_card":"summary_large_image","twitter_misc":{"Est. reading time":"1 minute"},"schema":{"@context":"https:\/\/schema.org","@graph":[{"@type":"WebPage","@id":"https:\/\/www.bdebarcelona.cat\/en\/prod\/tote-bag-panot-de-barcelona-by-david-torrents\/","url":"https:\/\/www.bdebarcelona.cat\/en\/prod\/tote-bag-panot-de-barcelona-by-david-torrents\/","name":"Tote Bag Panot de Barcelona by David Torrents - B de Barcelona","isPartOf":{"@id":"https:\/\/www.bdebarcelona.cat\/#website"},"primaryImageOfPage":{"@id":"https:\/\/www.bdebarcelona.cat\/en\/prod\/tote-bag-panot-de-barcelona-by-david-torrents\/#primaryimage"},"image":{"@id":"https:\/\/www.bdebarcelona.cat\/en\/prod\/tote-bag-panot-de-barcelona-by-david-torrents\/#primaryimage"},"thumbnailUrl":"https:\/\/www.bdebarcelona.cat\/wp-content\/uploads\/2019\/08\/ToteBag_RB.jpg","datePublished":"2019-08-27T22:04:08+00:00","dateModified":"2026-03-27T08:22:48+00:00","description":"Tote Bag Panot de Barcelona by David Torrents Bolsa algod\u00f3n en color cru Colecci\u00f3n especial del dise\u00f1ador barcelon\u00e9s David Torrents.","breadcrumb":{"@id":"https:\/\/www.bdebarcelona.cat\/en\/prod\/tote-bag-panot-de-barcelona-by-david-torrents\/#breadcrumb"},"inLanguage":"en-US","potentialAction":[{"@type":"ReadAction","target":["https:\/\/www.bdebarcelona.cat\/en\/prod\/tote-bag-panot-de-barcelona-by-david-torrents\/"]}]},{"@type":"ImageObject","inLanguage":"en-US","@id":"https:\/\/www.bdebarcelona.cat\/en\/prod\/tote-bag-panot-de-barcelona-by-david-torrents\/#primaryimage","url":"https:\/\/www.bdebarcelona.cat\/wp-content\/uploads\/2019\/08\/ToteBag_RB.jpg","contentUrl":"https:\/\/www.bdebarcelona.cat\/wp-content\/uploads\/2019\/08\/ToteBag_RB.jpg","width":574,"height":574,"caption":"Tote Bag Panot de Barcelona by David Torrents"},{"@type":"BreadcrumbList","@id":"https:\/\/www.bdebarcelona.cat\/en\/prod\/tote-bag-panot-de-barcelona-by-david-torrents\/#breadcrumb","itemListElement":[{"@type":"ListItem","position":1,"name":"Portada","item":"https:\/\/www.bdebarcelona.cat\/"},{"@type":"ListItem","position":2,"name":"SHOP","item":"https:\/\/www.bdebarcelona.cat\/en\/shop\/"},{"@type":"ListItem","position":3,"name":"Tote Bag Panot de Barcelona by David Torrents"}]},{"@type":"WebSite","@id":"https:\/\/www.bdebarcelona.cat\/#website","url":"https:\/\/www.bdebarcelona.cat\/","name":"https:\/\/www.bdebarcelona.cat\/","description":"Un peque&ntilde;o comercio en el que puedes encontrar una elegante alternativa al t&iacute;pico souvenir de Barcelona y objetos de dise&ntilde;o, todos ellos made in Barcelona.","publisher":{"@id":"https:\/\/www.bdebarcelona.cat\/#organization"},"potentialAction":[{"@type":"SearchAction","target":{"@type":"EntryPoint","urlTemplate":"https:\/\/www.bdebarcelona.cat\/?s={search_term_string}"},"query-input":{"@type":"PropertyValueSpecification","valueRequired":true,"valueName":"search_term_string"}}],"inLanguage":"en-US"},{"@type":"Organization","@id":"https:\/\/www.bdebarcelona.cat\/#organization","name":"https:\/\/www.bdebarcelona.cat\/","url":"https:\/\/www.bdebarcelona.cat\/","logo":{"@type":"ImageObject","inLanguage":"en-US","@id":"https:\/\/www.bdebarcelona.cat\/#\/schema\/logo\/image\/","url":"https:\/\/www.bdebarcelona.cat\/wp-content\/uploads\/2020\/10\/cropped-Logo_BB_Sostenible.png","contentUrl":"https:\/\/www.bdebarcelona.cat\/wp-content\/uploads\/2020\/10\/cropped-Logo_BB_Sostenible.png","width":512,"height":512,"caption":"https:\/\/www.bdebarcelona.cat\/"},"image":{"@id":"https:\/\/www.bdebarcelona.cat\/#\/schema\/logo\/image\/"},"sameAs":["https:\/\/www.facebook.com\/bdebarcelonastuff","https:\/\/www.instagram.com\/bdebarcelonastuff\/"]}]}},"_links":{"self":[{"href":"https:\/\/www.bdebarcelona.cat\/en\/wp-json\/wp\/v2\/product\/3179","targetHints":{"allow":["GET"]}}],"collection":[{"href":"https:\/\/www.bdebarcelona.cat\/en\/wp-json\/wp\/v2\/product"}],"about":[{"href":"https:\/\/www.bdebarcelona.cat\/en\/wp-json\/wp\/v2\/types\/product"}],"wp:featuredmedia":[{"embeddable":true,"href":"https:\/\/www.bdebarcelona.cat\/en\/wp-json\/wp\/v2\/media\/3183"}],"wp:attachment":[{"href":"https:\/\/www.bdebarcelona.cat\/en\/wp-json\/wp\/v2\/media?parent=3179"}],"wp:term":[{"taxonomy":"product_brand","embeddable":true,"href":"https:\/\/www.bdebarcelona.cat\/en\/wp-json\/wp\/v2\/product_brand?post=3179"},{"taxonomy":"product_cat","embeddable":true,"href":"https:\/\/www.bdebarcelona.cat\/en\/wp-json\/wp\/v2\/product_cat?post=3179"},{"taxonomy":"product_tag","embeddable":true,"href":"https:\/\/www.bdebarcelona.cat\/en\/wp-json\/wp\/v2\/product_tag?post=3179"}],"curies":[{"name":"wp","href":"https:\/\/api.w.org\/{rel}","templated":true}]}}