{"id":2276,"date":"2015-06-10T20:21:17","date_gmt":"2015-06-10T18:21:17","guid":{"rendered":"https:\/\/www.bdebarcelona.cat\/?post_type=product&#038;p=2276"},"modified":"2025-12-29T13:11:44","modified_gmt":"2025-12-29T12:11:44","slug":"copenhagen-ashtray","status":"publish","type":"product","link":"https:\/\/www.bdebarcelona.cat\/en\/prod\/copenhagen-ashtray\/","title":{"rendered":"Copenhaguen Ashtray"},"content":{"rendered":"<h2>Copenhaguen Ashtray<\/h2>\n<p><strong>Original 1966 design by Andr\u00e9 Ricard<\/strong><\/p>\n<p><strong>MATERIAL:<\/strong> Durable melamine<\/p>\n<p><strong>SIZE:<\/strong> \u00d8 7.5 \u00d7 5 cm each<\/p>\n<p><strong>COLORS:<\/strong> Black and red<\/p>\n<p><strong>USE:<\/strong> Indoor and outdoor<\/p>\n<p><strong>FUNCTIONALITY:<\/strong> Inner compartment for stubbing out cigarettes; outer rim to rest them<\/p>\n<p><strong>PACKAGING:<\/strong> Set of 2 in a modern box<\/p>\n<p><strong>AWARDS:<\/strong> Delta de Plata ADI_FAD 1966 and Delta d\u2019Or 25 Anys ADI_FAD 1985<\/p>\n<p>Made by Mobles 114 (Barcelona)<\/p>\n<p>A timeless classic of Catalan design that remains just as functional and stylish today.<\/p>\n","protected":false},"excerpt":{"rendered":"<p>Set of 2 Stackable <strong>Copenhagen Ashtrays<\/strong>. Smart design that fits any setting.<\/p>\n<p><strong>Stack, use, and store. That easy.<\/strong> This set includes two <strong>melamine ashtrays<\/strong> \u2014one in classic black and the other in bold red\u2014 with a stackable design that saves space and works just as well indoors as outdoors.<\/p>\n<p>With an inner compartment to stub out cigarettes and a carefully designed outer rim to rest them, these ashtrays are practical, durable, and <strong>easy to clean.<\/strong> Each one measures <strong>\u00d87.5 \u00d7 5 cm<\/strong> and comes in a sleek, modern box \u2014perfect as a gift (or to keep for yourself).<\/p>\n<p style=\"text-align: left;\">By Andr\u00e9 Ricard.<\/p>\n","protected":false},"featured_media":2277,"template":"","meta":[],"product_brand":[],"product_cat":[408],"product_tag":[],"class_list":{"0":"post-2276","1":"product","2":"type-product","3":"status-publish","4":"has-post-thumbnail","6":"product_cat-home","8":"first","9":"instock","10":"shipping-taxable","11":"purchasable","12":"product-type-simple"},"yoast_head":"<!-- This site is optimized with the Yoast SEO plugin v26.3 - https:\/\/yoast.com\/wordpress\/plugins\/seo\/ -->\n<title>Copenhaguen Ashtray - B de Barcelona<\/title>\n<meta name=\"description\" content=\"\u00d87.5 \u00d7 5 cm stackable ashtrays in classic black and red, presented in a modern box. The Copenhagen ashtray, designed by Andr\u00e9 Ricard in 1966.\" \/>\n<meta name=\"robots\" content=\"index, follow, max-snippet:-1, max-image-preview:large, max-video-preview:-1\" \/>\n<link rel=\"canonical\" href=\"https:\/\/www.bdebarcelona.cat\/en\/prod\/copenhagen-ashtray\/\" \/>\n<meta property=\"og:locale\" content=\"en_US\" \/>\n<meta property=\"og:type\" content=\"article\" \/>\n<meta property=\"og:title\" content=\"Copenhaguen Ashtray - B de Barcelona\" \/>\n<meta property=\"og:description\" content=\"\u00d87.5 \u00d7 5 cm stackable ashtrays in classic black and red, presented in a modern box. The Copenhagen ashtray, designed by Andr\u00e9 Ricard in 1966.\" \/>\n<meta property=\"og:url\" content=\"https:\/\/www.bdebarcelona.cat\/en\/prod\/copenhagen-ashtray\/\" \/>\n<meta property=\"og:site_name\" content=\"B de Barcelona\" \/>\n<meta property=\"article:publisher\" content=\"https:\/\/www.facebook.com\/bdebarcelonastuff\" \/>\n<meta property=\"article:modified_time\" content=\"2025-12-29T12:11:44+00:00\" \/>\n<meta property=\"og:image\" content=\"https:\/\/www.bdebarcelona.cat\/wp-content\/uploads\/2015\/06\/Sello_07B.jpg\" \/>\n\t<meta property=\"og:image:width\" content=\"567\" \/>\n\t<meta property=\"og:image:height\" content=\"567\" \/>\n\t<meta property=\"og:image:type\" content=\"image\/jpeg\" \/>\n<meta name=\"twitter:card\" content=\"summary_large_image\" \/>\n<meta name=\"twitter:label1\" content=\"Est. reading time\" \/>\n\t<meta name=\"twitter:data1\" content=\"1 minute\" \/>\n<script type=\"application\/ld+json\" class=\"yoast-schema-graph\">{\"@context\":\"https:\/\/schema.org\",\"@graph\":[{\"@type\":\"WebPage\",\"@id\":\"https:\/\/www.bdebarcelona.cat\/en\/prod\/copenhagen-ashtray\/\",\"url\":\"https:\/\/www.bdebarcelona.cat\/en\/prod\/copenhagen-ashtray\/\",\"name\":\"Copenhaguen Ashtray - B de Barcelona\",\"isPartOf\":{\"@id\":\"https:\/\/www.bdebarcelona.cat\/#website\"},\"primaryImageOfPage\":{\"@id\":\"https:\/\/www.bdebarcelona.cat\/en\/prod\/copenhagen-ashtray\/#primaryimage\"},\"image\":{\"@id\":\"https:\/\/www.bdebarcelona.cat\/en\/prod\/copenhagen-ashtray\/#primaryimage\"},\"thumbnailUrl\":\"https:\/\/www.bdebarcelona.cat\/wp-content\/uploads\/2015\/06\/Sello_07B.jpg\",\"datePublished\":\"2015-06-10T18:21:17+00:00\",\"dateModified\":\"2025-12-29T12:11:44+00:00\",\"description\":\"\u00d87.5 \u00d7 5 cm stackable ashtrays in classic black and red, presented in a modern box. The Copenhagen ashtray, designed by Andr\u00e9 Ricard in 1966.\",\"breadcrumb\":{\"@id\":\"https:\/\/www.bdebarcelona.cat\/en\/prod\/copenhagen-ashtray\/#breadcrumb\"},\"inLanguage\":\"en-US\",\"potentialAction\":[{\"@type\":\"ReadAction\",\"target\":[\"https:\/\/www.bdebarcelona.cat\/en\/prod\/copenhagen-ashtray\/\"]}]},{\"@type\":\"ImageObject\",\"inLanguage\":\"en-US\",\"@id\":\"https:\/\/www.bdebarcelona.cat\/en\/prod\/copenhagen-ashtray\/#primaryimage\",\"url\":\"https:\/\/www.bdebarcelona.cat\/wp-content\/uploads\/2015\/06\/Sello_07B.jpg\",\"contentUrl\":\"https:\/\/www.bdebarcelona.cat\/wp-content\/uploads\/2015\/06\/Sello_07B.jpg\",\"width\":567,\"height\":567,\"caption\":\"Cenicero Copenhagen\"},{\"@type\":\"BreadcrumbList\",\"@id\":\"https:\/\/www.bdebarcelona.cat\/en\/prod\/copenhagen-ashtray\/#breadcrumb\",\"itemListElement\":[{\"@type\":\"ListItem\",\"position\":1,\"name\":\"Portada\",\"item\":\"https:\/\/www.bdebarcelona.cat\/\"},{\"@type\":\"ListItem\",\"position\":2,\"name\":\"SHOP\",\"item\":\"https:\/\/www.bdebarcelona.cat\/en\/shop\/\"},{\"@type\":\"ListItem\",\"position\":3,\"name\":\"Copenhaguen Ashtray\"}]},{\"@type\":\"WebSite\",\"@id\":\"https:\/\/www.bdebarcelona.cat\/#website\",\"url\":\"https:\/\/www.bdebarcelona.cat\/\",\"name\":\"https:\/\/www.bdebarcelona.cat\/\",\"description\":\"Un peque&ntilde;o comercio en el que puedes encontrar una elegante alternativa al t&iacute;pico souvenir de Barcelona y objetos de dise&ntilde;o, todos ellos made in Barcelona.\",\"publisher\":{\"@id\":\"https:\/\/www.bdebarcelona.cat\/#organization\"},\"potentialAction\":[{\"@type\":\"SearchAction\",\"target\":{\"@type\":\"EntryPoint\",\"urlTemplate\":\"https:\/\/www.bdebarcelona.cat\/?s={search_term_string}\"},\"query-input\":{\"@type\":\"PropertyValueSpecification\",\"valueRequired\":true,\"valueName\":\"search_term_string\"}}],\"inLanguage\":\"en-US\"},{\"@type\":\"Organization\",\"@id\":\"https:\/\/www.bdebarcelona.cat\/#organization\",\"name\":\"https:\/\/www.bdebarcelona.cat\/\",\"url\":\"https:\/\/www.bdebarcelona.cat\/\",\"logo\":{\"@type\":\"ImageObject\",\"inLanguage\":\"en-US\",\"@id\":\"https:\/\/www.bdebarcelona.cat\/#\/schema\/logo\/image\/\",\"url\":\"https:\/\/www.bdebarcelona.cat\/wp-content\/uploads\/2020\/10\/cropped-Logo_BB_Sostenible.png\",\"contentUrl\":\"https:\/\/www.bdebarcelona.cat\/wp-content\/uploads\/2020\/10\/cropped-Logo_BB_Sostenible.png\",\"width\":512,\"height\":512,\"caption\":\"https:\/\/www.bdebarcelona.cat\/\"},\"image\":{\"@id\":\"https:\/\/www.bdebarcelona.cat\/#\/schema\/logo\/image\/\"},\"sameAs\":[\"https:\/\/www.facebook.com\/bdebarcelonastuff\",\"https:\/\/www.instagram.com\/bdebarcelonastuff\/\"]}]}<\/script>\n<!-- \/ Yoast SEO plugin. -->","yoast_head_json":{"title":"Copenhaguen Ashtray - B de Barcelona","description":"\u00d87.5 \u00d7 5 cm stackable ashtrays in classic black and red, presented in a modern box. The Copenhagen ashtray, designed by Andr\u00e9 Ricard in 1966.","robots":{"index":"index","follow":"follow","max-snippet":"max-snippet:-1","max-image-preview":"max-image-preview:large","max-video-preview":"max-video-preview:-1"},"canonical":"https:\/\/www.bdebarcelona.cat\/en\/prod\/copenhagen-ashtray\/","og_locale":"en_US","og_type":"article","og_title":"Copenhaguen Ashtray - B de Barcelona","og_description":"\u00d87.5 \u00d7 5 cm stackable ashtrays in classic black and red, presented in a modern box. The Copenhagen ashtray, designed by Andr\u00e9 Ricard in 1966.","og_url":"https:\/\/www.bdebarcelona.cat\/en\/prod\/copenhagen-ashtray\/","og_site_name":"B de Barcelona","article_publisher":"https:\/\/www.facebook.com\/bdebarcelonastuff","article_modified_time":"2025-12-29T12:11:44+00:00","og_image":[{"width":567,"height":567,"url":"https:\/\/www.bdebarcelona.cat\/wp-content\/uploads\/2015\/06\/Sello_07B.jpg","type":"image\/jpeg"}],"twitter_card":"summary_large_image","twitter_misc":{"Est. reading time":"1 minute"},"schema":{"@context":"https:\/\/schema.org","@graph":[{"@type":"WebPage","@id":"https:\/\/www.bdebarcelona.cat\/en\/prod\/copenhagen-ashtray\/","url":"https:\/\/www.bdebarcelona.cat\/en\/prod\/copenhagen-ashtray\/","name":"Copenhaguen Ashtray - B de Barcelona","isPartOf":{"@id":"https:\/\/www.bdebarcelona.cat\/#website"},"primaryImageOfPage":{"@id":"https:\/\/www.bdebarcelona.cat\/en\/prod\/copenhagen-ashtray\/#primaryimage"},"image":{"@id":"https:\/\/www.bdebarcelona.cat\/en\/prod\/copenhagen-ashtray\/#primaryimage"},"thumbnailUrl":"https:\/\/www.bdebarcelona.cat\/wp-content\/uploads\/2015\/06\/Sello_07B.jpg","datePublished":"2015-06-10T18:21:17+00:00","dateModified":"2025-12-29T12:11:44+00:00","description":"\u00d87.5 \u00d7 5 cm stackable ashtrays in classic black and red, presented in a modern box. The Copenhagen ashtray, designed by Andr\u00e9 Ricard in 1966.","breadcrumb":{"@id":"https:\/\/www.bdebarcelona.cat\/en\/prod\/copenhagen-ashtray\/#breadcrumb"},"inLanguage":"en-US","potentialAction":[{"@type":"ReadAction","target":["https:\/\/www.bdebarcelona.cat\/en\/prod\/copenhagen-ashtray\/"]}]},{"@type":"ImageObject","inLanguage":"en-US","@id":"https:\/\/www.bdebarcelona.cat\/en\/prod\/copenhagen-ashtray\/#primaryimage","url":"https:\/\/www.bdebarcelona.cat\/wp-content\/uploads\/2015\/06\/Sello_07B.jpg","contentUrl":"https:\/\/www.bdebarcelona.cat\/wp-content\/uploads\/2015\/06\/Sello_07B.jpg","width":567,"height":567,"caption":"Cenicero Copenhagen"},{"@type":"BreadcrumbList","@id":"https:\/\/www.bdebarcelona.cat\/en\/prod\/copenhagen-ashtray\/#breadcrumb","itemListElement":[{"@type":"ListItem","position":1,"name":"Portada","item":"https:\/\/www.bdebarcelona.cat\/"},{"@type":"ListItem","position":2,"name":"SHOP","item":"https:\/\/www.bdebarcelona.cat\/en\/shop\/"},{"@type":"ListItem","position":3,"name":"Copenhaguen Ashtray"}]},{"@type":"WebSite","@id":"https:\/\/www.bdebarcelona.cat\/#website","url":"https:\/\/www.bdebarcelona.cat\/","name":"https:\/\/www.bdebarcelona.cat\/","description":"Un peque&ntilde;o comercio en el que puedes encontrar una elegante alternativa al t&iacute;pico souvenir de Barcelona y objetos de dise&ntilde;o, todos ellos made in Barcelona.","publisher":{"@id":"https:\/\/www.bdebarcelona.cat\/#organization"},"potentialAction":[{"@type":"SearchAction","target":{"@type":"EntryPoint","urlTemplate":"https:\/\/www.bdebarcelona.cat\/?s={search_term_string}"},"query-input":{"@type":"PropertyValueSpecification","valueRequired":true,"valueName":"search_term_string"}}],"inLanguage":"en-US"},{"@type":"Organization","@id":"https:\/\/www.bdebarcelona.cat\/#organization","name":"https:\/\/www.bdebarcelona.cat\/","url":"https:\/\/www.bdebarcelona.cat\/","logo":{"@type":"ImageObject","inLanguage":"en-US","@id":"https:\/\/www.bdebarcelona.cat\/#\/schema\/logo\/image\/","url":"https:\/\/www.bdebarcelona.cat\/wp-content\/uploads\/2020\/10\/cropped-Logo_BB_Sostenible.png","contentUrl":"https:\/\/www.bdebarcelona.cat\/wp-content\/uploads\/2020\/10\/cropped-Logo_BB_Sostenible.png","width":512,"height":512,"caption":"https:\/\/www.bdebarcelona.cat\/"},"image":{"@id":"https:\/\/www.bdebarcelona.cat\/#\/schema\/logo\/image\/"},"sameAs":["https:\/\/www.facebook.com\/bdebarcelonastuff","https:\/\/www.instagram.com\/bdebarcelonastuff\/"]}]}},"_links":{"self":[{"href":"https:\/\/www.bdebarcelona.cat\/en\/wp-json\/wp\/v2\/product\/2276","targetHints":{"allow":["GET"]}}],"collection":[{"href":"https:\/\/www.bdebarcelona.cat\/en\/wp-json\/wp\/v2\/product"}],"about":[{"href":"https:\/\/www.bdebarcelona.cat\/en\/wp-json\/wp\/v2\/types\/product"}],"wp:featuredmedia":[{"embeddable":true,"href":"https:\/\/www.bdebarcelona.cat\/en\/wp-json\/wp\/v2\/media\/2277"}],"wp:attachment":[{"href":"https:\/\/www.bdebarcelona.cat\/en\/wp-json\/wp\/v2\/media?parent=2276"}],"wp:term":[{"taxonomy":"product_brand","embeddable":true,"href":"https:\/\/www.bdebarcelona.cat\/en\/wp-json\/wp\/v2\/product_brand?post=2276"},{"taxonomy":"product_cat","embeddable":true,"href":"https:\/\/www.bdebarcelona.cat\/en\/wp-json\/wp\/v2\/product_cat?post=2276"},{"taxonomy":"product_tag","embeddable":true,"href":"https:\/\/www.bdebarcelona.cat\/en\/wp-json\/wp\/v2\/product_tag?post=2276"}],"curies":[{"name":"wp","href":"https:\/\/api.w.org\/{rel}","templated":true}]}}