{"id":1920,"date":"2018-03-21T19:38:19","date_gmt":"2018-03-21T18:38:19","guid":{"rendered":"https:\/\/bdebarcelona.jomig.net\/checkout\/"},"modified":"2023-11-09T10:47:20","modified_gmt":"2023-11-09T09:47:20","slug":"checkout","status":"publish","type":"page","link":"https:\/\/www.bdebarcelona.cat\/en\/checkout\/","title":{"rendered":"Checkout"},"content":{"rendered":"\t\t<div data-elementor-type=\"wp-page\" data-elementor-id=\"1920\" class=\"elementor elementor-1920 elementor-6\" data-elementor-post-type=\"page\">\n\t\t\t\t\t\t<section class=\"elementor-section elementor-top-section elementor-element elementor-element-3bbc2399 elementor-section-boxed elementor-section-height-default elementor-section-height-default\" data-id=\"3bbc2399\" data-element_type=\"section\">\n\t\t\t\t\t\t<div class=\"elementor-container elementor-column-gap-default\">\n\t\t\t\t\t<div class=\"elementor-column elementor-col-100 elementor-top-column elementor-element elementor-element-7aade76d\" data-id=\"7aade76d\" data-element_type=\"column\">\n\t\t\t<div class=\"elementor-widget-wrap elementor-element-populated\">\n\t\t\t\t\t\t\t<\/div>\n\t\t<\/div>\n\t\t\t\t\t<\/div>\n\t\t<\/section>\n\t\t\t\t<section class=\"elementor-section elementor-top-section elementor-element elementor-element-f24b42d elementor-section-boxed elementor-section-height-default elementor-section-height-default\" data-id=\"f24b42d\" data-element_type=\"section\">\n\t\t\t\t\t\t<div class=\"elementor-container elementor-column-gap-default\">\n\t\t\t\t\t<div class=\"elementor-column elementor-col-100 elementor-top-column elementor-element elementor-element-851e11e\" data-id=\"851e11e\" data-element_type=\"column\">\n\t\t\t<div class=\"elementor-widget-wrap elementor-element-populated\">\n\t\t\t\t\t\t<div class=\"elementor-element elementor-element-3291a63 elementor-icon-list--layout-inline elementor-list-item-link-full_width elementor-widget elementor-widget-icon-list\" data-id=\"3291a63\" data-element_type=\"widget\" data-widget_type=\"icon-list.default\">\n\t\t\t\t<div class=\"elementor-widget-container\">\n\t\t\t\t\t\t\t<ul class=\"elementor-icon-list-items elementor-inline-items\">\n\t\t\t\t\t\t\t<li class=\"elementor-icon-list-item elementor-inline-item\">\n\t\t\t\t\t\t\t\t\t\t<span class=\"elementor-icon-list-text\">Do you need help?<\/span>\n\t\t\t\t\t\t\t\t\t<\/li>\n\t\t\t\t\t\t\t\t<li class=\"elementor-icon-list-item elementor-inline-item\">\n\t\t\t\t\t\t\t\t\t\t\t<a href=\"tel:+34936035006%20\" rel=\"nofollow\">\n\n\t\t\t\t\t\t\t\t\t\t\t\t<span class=\"elementor-icon-list-icon\">\n\t\t\t\t\t\t\t<svg aria-hidden=\"true\" class=\"e-font-icon-svg e-fas-phone-alt\" viewBox=\"0 0 512 512\" xmlns=\"http:\/\/www.w3.org\/2000\/svg\"><path d=\"M497.39 361.8l-112-48a24 24 0 0 0-28 6.9l-49.6 60.6A370.66 370.66 0 0 1 130.6 204.11l60.6-49.6a23.94 23.94 0 0 0 6.9-28l-48-112A24.16 24.16 0 0 0 122.6.61l-104 24A24 24 0 0 0 0 48c0 256.5 207.9 464 464 464a24 24 0 0 0 23.4-18.6l24-104a24.29 24.29 0 0 0-14.01-27.6z\"><\/path><\/svg>\t\t\t\t\t\t<\/span>\n\t\t\t\t\t\t\t\t\t\t<span class=\"elementor-icon-list-text\">34 93 6035006 <\/span>\n\t\t\t\t\t\t\t\t\t\t\t<\/a>\n\t\t\t\t\t\t\t\t\t<\/li>\n\t\t\t\t\t\t\t\t<li class=\"elementor-icon-list-item elementor-inline-item\">\n\t\t\t\t\t\t\t\t\t\t\t<a href=\"mailto:hola@bdebarcelona.cat\" target=\"_blank\" rel=\"nofollow\">\n\n\t\t\t\t\t\t\t\t\t\t\t\t<span class=\"elementor-icon-list-icon\">\n\t\t\t\t\t\t\t<svg aria-hidden=\"true\" class=\"e-font-icon-svg e-far-envelope\" viewBox=\"0 0 512 512\" xmlns=\"http:\/\/www.w3.org\/2000\/svg\"><path d=\"M464 64H48C21.49 64 0 85.49 0 112v288c0 26.51 21.49 48 48 48h416c26.51 0 48-21.49 48-48V112c0-26.51-21.49-48-48-48zm0 48v40.805c-22.422 18.259-58.168 46.651-134.587 106.49-16.841 13.247-50.201 45.072-73.413 44.701-23.208.375-56.579-31.459-73.413-44.701C106.18 199.465 70.425 171.067 48 152.805V112h416zM48 400V214.398c22.914 18.251 55.409 43.862 104.938 82.646 21.857 17.205 60.134 55.186 103.062 54.955 42.717.231 80.509-37.199 103.053-54.947 49.528-38.783 82.032-64.401 104.947-82.653V400H48z\"><\/path><\/svg>\t\t\t\t\t\t<\/span>\n\t\t\t\t\t\t\t\t\t\t<span class=\"elementor-icon-list-text\">hola@bdebarcelona.cat<\/span>\n\t\t\t\t\t\t\t\t\t\t\t<\/a>\n\t\t\t\t\t\t\t\t\t<\/li>\n\t\t\t\t\t\t<\/ul>\n\t\t\t\t\t\t<\/div>\n\t\t\t\t<\/div>\n\t\t\t\t\t<\/div>\n\t\t<\/div>\n\t\t\t\t\t<\/div>\n\t\t<\/section>\n\t\t\t\t<section class=\"elementor-section elementor-top-section elementor-element elementor-element-30fa846 elementor-section-boxed elementor-section-height-default elementor-section-height-default\" data-id=\"30fa846\" data-element_type=\"section\">\n\t\t\t\t\t\t<div class=\"elementor-container elementor-column-gap-default\">\n\t\t\t\t\t<div class=\"elementor-column elementor-col-100 elementor-top-column elementor-element elementor-element-a9738e2\" data-id=\"a9738e2\" data-element_type=\"column\">\n\t\t\t<div class=\"elementor-widget-wrap elementor-element-populated\">\n\t\t\t\t\t\t<div class=\"elementor-element elementor-element-d97cf8e e-checkout-layout-two-column elementor-widget elementor-widget-woocommerce-checkout-page\" data-id=\"d97cf8e\" data-element_type=\"widget\" data-widget_type=\"woocommerce-checkout-page.default\">\n\t\t\t\t<div class=\"elementor-widget-container\">\n\t\t\t\t\t<div class=\"woocommerce\"><\/div>\t\t\t\t<\/div>\n\t\t\t\t<\/div>\n\t\t\t\t\t<\/div>\n\t\t<\/div>\n\t\t\t\t\t<\/div>\n\t\t<\/section>\n\t\t\t\t<section class=\"elementor-section elementor-top-section elementor-element elementor-element-6f3590c elementor-section-boxed elementor-section-height-default elementor-section-height-default\" data-id=\"6f3590c\" data-element_type=\"section\">\n\t\t\t\t\t\t<div class=\"elementor-container elementor-column-gap-default\">\n\t\t\t\t\t<div class=\"elementor-column elementor-col-100 elementor-top-column elementor-element elementor-element-3980ac1\" data-id=\"3980ac1\" data-element_type=\"column\">\n\t\t\t<div class=\"elementor-widget-wrap\">\n\t\t\t\t\t\t\t<\/div>\n\t\t<\/div>\n\t\t\t\t\t<\/div>\n\t\t<\/section>\n\t\t\t\t<section class=\"elementor-section elementor-top-section elementor-element elementor-element-a6ccf45 elementor-section-boxed elementor-section-height-default elementor-section-height-default\" data-id=\"a6ccf45\" data-element_type=\"section\">\n\t\t\t\t\t\t<div class=\"elementor-container elementor-column-gap-default\">\n\t\t\t\t\t<div class=\"elementor-column elementor-col-100 elementor-top-column elementor-element elementor-element-a304201\" data-id=\"a304201\" data-element_type=\"column\">\n\t\t\t<div class=\"elementor-widget-wrap elementor-element-populated\">\n\t\t\t\t\t\t<div class=\"elementor-element elementor-element-2881feb elementor-widget__width-initial elementor-widget elementor-widget-text-editor\" data-id=\"2881feb\" data-element_type=\"widget\" data-widget_type=\"text-editor.default\">\n\t\t\t\t<div class=\"elementor-widget-container\">\n\t\t\t\t\t\t\t\t\t<h3>\u00bfPOR QU\u00c9 COMPRAR EN B DE BARCELONA?<\/h3>\n<ul>\n<li>Una elegante alternativa al t\u00edpico souvenir<\/li>\n<li>Made in Barcelona<\/li>\n<li>Compra 100% segura y encriptada: todas las transacciones son seguras y encriptadas<\/li>\n<li>En Bdebarcelona.cat tienes la posibilidad de pagar a trav\u00e9s de: MasterCard, Visa Electron, Visa, PayPal, American Express, y la informaci\u00f3n de la tarjeta de cr\u00e9dito nunca se almacena en nuestros servidores.<\/li>\n<li>Gastos de env\u00edo gratuitos para pedidos recogidos en tienda (Barcelona) o pedidos superiores a \u20ac89,00. *Solo Pen\u00ednsula<\/li>\n<li>Para calcular los gastos de env\u00edo, incluir el c\u00f3digo postal o el pa\u00eds de entrega. Son: Espa\u00f1a 8,99 \u20ac, Europa: 20.99 \u20ac, EEUU: Precio fijo (env\u00edos hasta 4 kg y entrega hasta en 7 d\u00edas laborables m\u00e1ximo) 29,99\u20ac.<\/li>\n<li><a href=\"https:\/\/www.bdebarcelona.cat\/terminos-y-condiciones\/\" target=\"_blank\" rel=\"noopener\">Ver plazos de entrega<\/a><\/li>\n<\/ul>\n<div>\u00a0<\/div>\n<div>\u00a0<\/div>\n<p>\u00a0<\/p>\n\t\t\t\t\t\t\t\t<\/div>\n\t\t\t\t<\/div>\n\t\t\t\t<section class=\"elementor-section elementor-inner-section elementor-element elementor-element-96bfe79 elementor-section-boxed elementor-section-height-default elementor-section-height-default\" data-id=\"96bfe79\" data-element_type=\"section\">\n\t\t\t\t\t\t<div class=\"elementor-container elementor-column-gap-default\">\n\t\t\t\t\t<div class=\"elementor-column elementor-col-33 elementor-inner-column elementor-element elementor-element-07b6848\" data-id=\"07b6848\" data-element_type=\"column\">\n\t\t\t<div class=\"elementor-widget-wrap elementor-element-populated\">\n\t\t\t\t\t\t<div class=\"elementor-element elementor-element-9b7522a elementor-position-top elementor-widget elementor-widget-image-box\" data-id=\"9b7522a\" data-element_type=\"widget\" data-widget_type=\"image-box.default\">\n\t\t\t\t<div class=\"elementor-widget-container\">\n\t\t\t\t\t<div class=\"elementor-image-box-wrapper\"><figure class=\"elementor-image-box-img\"><img loading=\"lazy\" decoding=\"async\" width=\"73\" height=\"96\" src=\"https:\/\/www.bdebarcelona.cat\/wp-content\/uploads\/2023\/08\/privacy.png\" class=\"attachment-thumbnail size-thumbnail wp-image-7322\" alt=\"\" \/><\/figure><div class=\"elementor-image-box-content\"><h3 class=\"elementor-image-box-title\">Protegemos tu privacidad<\/h3><\/div><\/div>\t\t\t\t<\/div>\n\t\t\t\t<\/div>\n\t\t\t\t\t<\/div>\n\t\t<\/div>\n\t\t\t\t<div class=\"elementor-column elementor-col-33 elementor-inner-column elementor-element elementor-element-5abab57\" data-id=\"5abab57\" data-element_type=\"column\">\n\t\t\t<div class=\"elementor-widget-wrap elementor-element-populated\">\n\t\t\t\t\t\t<div class=\"elementor-element elementor-element-eddbb98 elementor-position-top elementor-widget elementor-widget-image-box\" data-id=\"eddbb98\" data-element_type=\"widget\" data-widget_type=\"image-box.default\">\n\t\t\t\t<div class=\"elementor-widget-container\">\n\t\t\t\t\t<div class=\"elementor-image-box-wrapper\"><figure class=\"elementor-image-box-img\"><img loading=\"lazy\" decoding=\"async\" width=\"66\" height=\"96\" src=\"https:\/\/www.bdebarcelona.cat\/wp-content\/uploads\/2023\/08\/ribbon.png\" class=\"attachment-thumbnail size-thumbnail wp-image-7325\" alt=\"\" \/><\/figure><div class=\"elementor-image-box-content\"><h3 class=\"elementor-image-box-title\">100% Satisfacci\u00f3n garantizada<\/h3><\/div><\/div>\t\t\t\t<\/div>\n\t\t\t\t<\/div>\n\t\t\t\t\t<\/div>\n\t\t<\/div>\n\t\t\t\t<div class=\"elementor-column elementor-col-33 elementor-inner-column elementor-element elementor-element-d584737\" data-id=\"d584737\" data-element_type=\"column\">\n\t\t\t<div class=\"elementor-widget-wrap elementor-element-populated\">\n\t\t\t\t\t\t<div class=\"elementor-element elementor-element-2ca9a71 elementor-position-top elementor-widget elementor-widget-image-box\" data-id=\"2ca9a71\" data-element_type=\"widget\" data-widget_type=\"image-box.default\">\n\t\t\t\t<div class=\"elementor-widget-container\">\n\t\t\t\t\t<div class=\"elementor-image-box-wrapper\"><figure class=\"elementor-image-box-img\"><img loading=\"lazy\" decoding=\"async\" width=\"95\" height=\"96\" src=\"https:\/\/www.bdebarcelona.cat\/wp-content\/uploads\/2023\/08\/secure-1.png\" class=\"attachment-thumbnail size-thumbnail wp-image-7337\" alt=\"\" srcset=\"https:\/\/www.bdebarcelona.cat\/wp-content\/uploads\/2023\/08\/secure-1.png 147w, https:\/\/www.bdebarcelona.cat\/wp-content\/uploads\/2023\/08\/secure-1-100x100.png 100w, https:\/\/www.bdebarcelona.cat\/wp-content\/uploads\/2023\/08\/secure-1-50x50.png 50w\" sizes=\"auto, (max-width: 95px) 100vw, 95px\" \/><\/figure><div class=\"elementor-image-box-content\"><h3 class=\"elementor-image-box-title\">Informaci\u00f3n segura<\/h3><\/div><\/div>\t\t\t\t<\/div>\n\t\t\t\t<\/div>\n\t\t\t\t\t<\/div>\n\t\t<\/div>\n\t\t\t\t\t<\/div>\n\t\t<\/section>\n\t\t\t\t\t<\/div>\n\t\t<\/div>\n\t\t\t\t\t<\/div>\n\t\t<\/section>\n\t\t\t\t<\/div>\n\t\t","protected":false},"excerpt":{"rendered":"<p>Do you need help? 34 93 6035006 hola@bdebarcelona.cat &nbsp; Billing details Name\u00a0* Surname\u00a0* Nombre de la empresa\u00a0(opcional) Pa\u00eds \/ Regi\u00f3n\u00a0*Selecciona un pa\u00eds\/regi\u00f3n\u2026Afganist\u00e1nAlbaniaAlemaniaAndorraAngolaAnguillaAnt\u00e1rtidaAntigua y BarbudaArabia SauditaArgeliaArgentinaArmeniaArubaAustraliaAustriaAzerbaijanBahamasBahrainBangladeshBarbadosBelauB\u00e9lgicaBelizeBeninBermudaBhutanBielorrusiaBirmaniaBoliviaBonaire, San Eustaquio y SabaBosnia y HerzegovinaBotswanaBrasilBrun\u00e9iBulgariaBurkina FasoBurundiCabo VerdeCamboyaCamer\u00fanCanad\u00e1ChadChileChinaChipreCiudad del VaticanoColombiaComorasCongo (Brazzaville)Congo (Kinshasa)Corea del NorteCorea del SurCosta de MarfilCosta RicaCroaciaCubaCura\u00e7aoDinamarcaDjiboutiDominicaEcuadorEgiptoEl SalvadorEmiratos \u00c1rabes UnidosEritreaEslovaquiaEsloveniaEspa\u00f1aEstados Unidos (EEUU)EstoniaEsuatiniEtiop\u00edaFilipinasFinlandiaFiyiFranciaGab\u00f3nGambiaGeorgiaGhanaGibraltarGranadaGreciaGroenlandiaGuadalupeGuamGuatemalaGuayana FrancesaGuernseyGuineaGuinea EcuatorialGuinea-Bis\u00e1uGuyanaHait\u00edHondurasHong KongHungr\u00edaIndiaIndonesiaIrakIr\u00e1nIrlandaIsla BouvetIsla de ManIsla [&hellip;]<\/p>\n","protected":false},"author":1,"featured_media":0,"parent":0,"menu_order":0,"comment_status":"closed","ping_status":"open","template":"elementor_theme","meta":{"footnotes":""},"class_list":["post-1920","page","type-page","status-publish","hentry"],"yoast_head":"<!-- This site is optimized with the Yoast SEO plugin v26.3 - https:\/\/yoast.com\/wordpress\/plugins\/seo\/ -->\n<title>Checkout - B de Barcelona<\/title>\n<meta name=\"robots\" content=\"index, follow, max-snippet:-1, max-image-preview:large, max-video-preview:-1\" \/>\n<link rel=\"canonical\" href=\"https:\/\/www.bdebarcelona.cat\/en\/checkout\/\" \/>\n<meta property=\"og:locale\" content=\"en_US\" \/>\n<meta property=\"og:type\" content=\"article\" \/>\n<meta property=\"og:title\" content=\"Checkout - B de Barcelona\" \/>\n<meta property=\"og:description\" content=\"Do you need help? 34 93 6035006 hola@bdebarcelona.cat &nbsp; Billing details Name\u00a0* Surname\u00a0* Nombre de la empresa\u00a0(opcional) Pa\u00eds \/ Regi\u00f3n\u00a0*Selecciona un pa\u00eds\/regi\u00f3n\u2026Afganist\u00e1nAlbaniaAlemaniaAndorraAngolaAnguillaAnt\u00e1rtidaAntigua y BarbudaArabia SauditaArgeliaArgentinaArmeniaArubaAustraliaAustriaAzerbaijanBahamasBahrainBangladeshBarbadosBelauB\u00e9lgicaBelizeBeninBermudaBhutanBielorrusiaBirmaniaBoliviaBonaire, San Eustaquio y SabaBosnia y HerzegovinaBotswanaBrasilBrun\u00e9iBulgariaBurkina FasoBurundiCabo VerdeCamboyaCamer\u00fanCanad\u00e1ChadChileChinaChipreCiudad del VaticanoColombiaComorasCongo (Brazzaville)Congo (Kinshasa)Corea del NorteCorea del SurCosta de MarfilCosta RicaCroaciaCubaCura\u00e7aoDinamarcaDjiboutiDominicaEcuadorEgiptoEl SalvadorEmiratos \u00c1rabes UnidosEritreaEslovaquiaEsloveniaEspa\u00f1aEstados Unidos (EEUU)EstoniaEsuatiniEtiop\u00edaFilipinasFinlandiaFiyiFranciaGab\u00f3nGambiaGeorgiaGhanaGibraltarGranadaGreciaGroenlandiaGuadalupeGuamGuatemalaGuayana FrancesaGuernseyGuineaGuinea EcuatorialGuinea-Bis\u00e1uGuyanaHait\u00edHondurasHong KongHungr\u00edaIndiaIndonesiaIrakIr\u00e1nIrlandaIsla BouvetIsla de ManIsla [&hellip;]\" \/>\n<meta property=\"og:url\" content=\"https:\/\/www.bdebarcelona.cat\/en\/checkout\/\" \/>\n<meta property=\"og:site_name\" content=\"B de Barcelona\" \/>\n<meta property=\"article:publisher\" content=\"https:\/\/www.facebook.com\/bdebarcelonastuff\" \/>\n<meta property=\"article:modified_time\" content=\"2023-11-09T09:47:20+00:00\" \/>\n<meta property=\"og:image\" content=\"https:\/\/www.paypalobjects.com\/webstatic\/en_US\/i\/buttons\/pp-acceptance-small.png\" \/>\n<meta name=\"twitter:card\" content=\"summary_large_image\" \/>\n<meta name=\"twitter:label1\" content=\"Est. reading time\" \/>\n\t<meta name=\"twitter:data1\" content=\"31 minutes\" \/>\n<script type=\"application\/ld+json\" class=\"yoast-schema-graph\">{\"@context\":\"https:\/\/schema.org\",\"@graph\":[{\"@type\":\"WebPage\",\"@id\":\"https:\/\/www.bdebarcelona.cat\/en\/checkout\/\",\"url\":\"https:\/\/www.bdebarcelona.cat\/en\/checkout\/\",\"name\":\"Checkout - B de Barcelona\",\"isPartOf\":{\"@id\":\"https:\/\/www.bdebarcelona.cat\/#website\"},\"primaryImageOfPage\":{\"@id\":\"https:\/\/www.bdebarcelona.cat\/en\/checkout\/#primaryimage\"},\"image\":{\"@id\":\"https:\/\/www.bdebarcelona.cat\/en\/checkout\/#primaryimage\"},\"thumbnailUrl\":\"https:\/\/www.paypalobjects.com\/webstatic\/en_US\/i\/buttons\/pp-acceptance-small.png\",\"datePublished\":\"2018-03-21T18:38:19+00:00\",\"dateModified\":\"2023-11-09T09:47:20+00:00\",\"breadcrumb\":{\"@id\":\"https:\/\/www.bdebarcelona.cat\/en\/checkout\/#breadcrumb\"},\"inLanguage\":\"en-US\",\"potentialAction\":[{\"@type\":\"ReadAction\",\"target\":[\"https:\/\/www.bdebarcelona.cat\/en\/checkout\/\"]}]},{\"@type\":\"ImageObject\",\"inLanguage\":\"en-US\",\"@id\":\"https:\/\/www.bdebarcelona.cat\/en\/checkout\/#primaryimage\",\"url\":\"https:\/\/www.paypalobjects.com\/webstatic\/en_US\/i\/buttons\/pp-acceptance-small.png\",\"contentUrl\":\"https:\/\/www.paypalobjects.com\/webstatic\/en_US\/i\/buttons\/pp-acceptance-small.png\"},{\"@type\":\"BreadcrumbList\",\"@id\":\"https:\/\/www.bdebarcelona.cat\/en\/checkout\/#breadcrumb\",\"itemListElement\":[{\"@type\":\"ListItem\",\"position\":1,\"name\":\"Portada\",\"item\":\"https:\/\/www.bdebarcelona.cat\/\"},{\"@type\":\"ListItem\",\"position\":2,\"name\":\"Checkout\"}]},{\"@type\":\"WebSite\",\"@id\":\"https:\/\/www.bdebarcelona.cat\/#website\",\"url\":\"https:\/\/www.bdebarcelona.cat\/\",\"name\":\"https:\/\/www.bdebarcelona.cat\/\",\"description\":\"Un peque&ntilde;o comercio en el que puedes encontrar una elegante alternativa al t&iacute;pico souvenir de Barcelona y objetos de dise&ntilde;o, todos ellos made in Barcelona.\",\"publisher\":{\"@id\":\"https:\/\/www.bdebarcelona.cat\/#organization\"},\"potentialAction\":[{\"@type\":\"SearchAction\",\"target\":{\"@type\":\"EntryPoint\",\"urlTemplate\":\"https:\/\/www.bdebarcelona.cat\/?s={search_term_string}\"},\"query-input\":{\"@type\":\"PropertyValueSpecification\",\"valueRequired\":true,\"valueName\":\"search_term_string\"}}],\"inLanguage\":\"en-US\"},{\"@type\":\"Organization\",\"@id\":\"https:\/\/www.bdebarcelona.cat\/#organization\",\"name\":\"https:\/\/www.bdebarcelona.cat\/\",\"url\":\"https:\/\/www.bdebarcelona.cat\/\",\"logo\":{\"@type\":\"ImageObject\",\"inLanguage\":\"en-US\",\"@id\":\"https:\/\/www.bdebarcelona.cat\/#\/schema\/logo\/image\/\",\"url\":\"https:\/\/www.bdebarcelona.cat\/wp-content\/uploads\/2020\/10\/cropped-Logo_BB_Sostenible.png\",\"contentUrl\":\"https:\/\/www.bdebarcelona.cat\/wp-content\/uploads\/2020\/10\/cropped-Logo_BB_Sostenible.png\",\"width\":512,\"height\":512,\"caption\":\"https:\/\/www.bdebarcelona.cat\/\"},\"image\":{\"@id\":\"https:\/\/www.bdebarcelona.cat\/#\/schema\/logo\/image\/\"},\"sameAs\":[\"https:\/\/www.facebook.com\/bdebarcelonastuff\",\"https:\/\/www.instagram.com\/bdebarcelonastuff\/\"]}]}<\/script>\n<!-- \/ Yoast SEO plugin. -->","yoast_head_json":{"title":"Checkout - B de Barcelona","robots":{"index":"index","follow":"follow","max-snippet":"max-snippet:-1","max-image-preview":"max-image-preview:large","max-video-preview":"max-video-preview:-1"},"canonical":"https:\/\/www.bdebarcelona.cat\/en\/checkout\/","og_locale":"en_US","og_type":"article","og_title":"Checkout - B de Barcelona","og_description":"Do you need help? 34 93 6035006 hola@bdebarcelona.cat &nbsp; Billing details Name\u00a0* Surname\u00a0* Nombre de la empresa\u00a0(opcional) Pa\u00eds \/ Regi\u00f3n\u00a0*Selecciona un pa\u00eds\/regi\u00f3n\u2026Afganist\u00e1nAlbaniaAlemaniaAndorraAngolaAnguillaAnt\u00e1rtidaAntigua y BarbudaArabia SauditaArgeliaArgentinaArmeniaArubaAustraliaAustriaAzerbaijanBahamasBahrainBangladeshBarbadosBelauB\u00e9lgicaBelizeBeninBermudaBhutanBielorrusiaBirmaniaBoliviaBonaire, San Eustaquio y SabaBosnia y HerzegovinaBotswanaBrasilBrun\u00e9iBulgariaBurkina FasoBurundiCabo VerdeCamboyaCamer\u00fanCanad\u00e1ChadChileChinaChipreCiudad del VaticanoColombiaComorasCongo (Brazzaville)Congo (Kinshasa)Corea del NorteCorea del SurCosta de MarfilCosta RicaCroaciaCubaCura\u00e7aoDinamarcaDjiboutiDominicaEcuadorEgiptoEl SalvadorEmiratos \u00c1rabes UnidosEritreaEslovaquiaEsloveniaEspa\u00f1aEstados Unidos (EEUU)EstoniaEsuatiniEtiop\u00edaFilipinasFinlandiaFiyiFranciaGab\u00f3nGambiaGeorgiaGhanaGibraltarGranadaGreciaGroenlandiaGuadalupeGuamGuatemalaGuayana FrancesaGuernseyGuineaGuinea EcuatorialGuinea-Bis\u00e1uGuyanaHait\u00edHondurasHong KongHungr\u00edaIndiaIndonesiaIrakIr\u00e1nIrlandaIsla BouvetIsla de ManIsla [&hellip;]","og_url":"https:\/\/www.bdebarcelona.cat\/en\/checkout\/","og_site_name":"B de Barcelona","article_publisher":"https:\/\/www.facebook.com\/bdebarcelonastuff","article_modified_time":"2023-11-09T09:47:20+00:00","og_image":[{"url":"https:\/\/www.paypalobjects.com\/webstatic\/en_US\/i\/buttons\/pp-acceptance-small.png","type":"","width":"","height":""}],"twitter_card":"summary_large_image","twitter_misc":{"Est. reading time":"31 minutes"},"schema":{"@context":"https:\/\/schema.org","@graph":[{"@type":"WebPage","@id":"https:\/\/www.bdebarcelona.cat\/en\/checkout\/","url":"https:\/\/www.bdebarcelona.cat\/en\/checkout\/","name":"Checkout - B de Barcelona","isPartOf":{"@id":"https:\/\/www.bdebarcelona.cat\/#website"},"primaryImageOfPage":{"@id":"https:\/\/www.bdebarcelona.cat\/en\/checkout\/#primaryimage"},"image":{"@id":"https:\/\/www.bdebarcelona.cat\/en\/checkout\/#primaryimage"},"thumbnailUrl":"https:\/\/www.paypalobjects.com\/webstatic\/en_US\/i\/buttons\/pp-acceptance-small.png","datePublished":"2018-03-21T18:38:19+00:00","dateModified":"2023-11-09T09:47:20+00:00","breadcrumb":{"@id":"https:\/\/www.bdebarcelona.cat\/en\/checkout\/#breadcrumb"},"inLanguage":"en-US","potentialAction":[{"@type":"ReadAction","target":["https:\/\/www.bdebarcelona.cat\/en\/checkout\/"]}]},{"@type":"ImageObject","inLanguage":"en-US","@id":"https:\/\/www.bdebarcelona.cat\/en\/checkout\/#primaryimage","url":"https:\/\/www.paypalobjects.com\/webstatic\/en_US\/i\/buttons\/pp-acceptance-small.png","contentUrl":"https:\/\/www.paypalobjects.com\/webstatic\/en_US\/i\/buttons\/pp-acceptance-small.png"},{"@type":"BreadcrumbList","@id":"https:\/\/www.bdebarcelona.cat\/en\/checkout\/#breadcrumb","itemListElement":[{"@type":"ListItem","position":1,"name":"Portada","item":"https:\/\/www.bdebarcelona.cat\/"},{"@type":"ListItem","position":2,"name":"Checkout"}]},{"@type":"WebSite","@id":"https:\/\/www.bdebarcelona.cat\/#website","url":"https:\/\/www.bdebarcelona.cat\/","name":"https:\/\/www.bdebarcelona.cat\/","description":"Un peque&ntilde;o comercio en el que puedes encontrar una elegante alternativa al t&iacute;pico souvenir de Barcelona y objetos de dise&ntilde;o, todos ellos made in Barcelona.","publisher":{"@id":"https:\/\/www.bdebarcelona.cat\/#organization"},"potentialAction":[{"@type":"SearchAction","target":{"@type":"EntryPoint","urlTemplate":"https:\/\/www.bdebarcelona.cat\/?s={search_term_string}"},"query-input":{"@type":"PropertyValueSpecification","valueRequired":true,"valueName":"search_term_string"}}],"inLanguage":"en-US"},{"@type":"Organization","@id":"https:\/\/www.bdebarcelona.cat\/#organization","name":"https:\/\/www.bdebarcelona.cat\/","url":"https:\/\/www.bdebarcelona.cat\/","logo":{"@type":"ImageObject","inLanguage":"en-US","@id":"https:\/\/www.bdebarcelona.cat\/#\/schema\/logo\/image\/","url":"https:\/\/www.bdebarcelona.cat\/wp-content\/uploads\/2020\/10\/cropped-Logo_BB_Sostenible.png","contentUrl":"https:\/\/www.bdebarcelona.cat\/wp-content\/uploads\/2020\/10\/cropped-Logo_BB_Sostenible.png","width":512,"height":512,"caption":"https:\/\/www.bdebarcelona.cat\/"},"image":{"@id":"https:\/\/www.bdebarcelona.cat\/#\/schema\/logo\/image\/"},"sameAs":["https:\/\/www.facebook.com\/bdebarcelonastuff","https:\/\/www.instagram.com\/bdebarcelonastuff\/"]}]}},"_links":{"self":[{"href":"https:\/\/www.bdebarcelona.cat\/en\/wp-json\/wp\/v2\/pages\/1920","targetHints":{"allow":["GET"]}}],"collection":[{"href":"https:\/\/www.bdebarcelona.cat\/en\/wp-json\/wp\/v2\/pages"}],"about":[{"href":"https:\/\/www.bdebarcelona.cat\/en\/wp-json\/wp\/v2\/types\/page"}],"author":[{"embeddable":true,"href":"https:\/\/www.bdebarcelona.cat\/en\/wp-json\/wp\/v2\/users\/1"}],"replies":[{"embeddable":true,"href":"https:\/\/www.bdebarcelona.cat\/en\/wp-json\/wp\/v2\/comments?post=1920"}],"version-history":[{"count":0,"href":"https:\/\/www.bdebarcelona.cat\/en\/wp-json\/wp\/v2\/pages\/1920\/revisions"}],"wp:attachment":[{"href":"https:\/\/www.bdebarcelona.cat\/en\/wp-json\/wp\/v2\/media?parent=1920"}],"curies":[{"name":"wp","href":"https:\/\/api.w.org\/{rel}","templated":true}]}}